{"id":829,"date":"2019-11-04T13:02:19","date_gmt":"2019-11-04T12:02:19","guid":{"rendered":"https:\/\/o-chiroulet.com\/privacy-and-security\/"},"modified":"2023-04-13T09:30:11","modified_gmt":"2023-04-13T07:30:11","slug":"privacy-and-security","status":"publish","type":"page","link":"https:\/\/o-chiroulet.com\/en\/privacy-and-security\/","title":{"rendered":"Privacy and security"},"content":{"rendered":"<p>[et_pb_section fb_built=&#8221;1&#8243; _builder_version=&#8221;4.16&#8243; global_colors_info=&#8221;{}&#8221;][et_pb_row _builder_version=&#8221;4.16&#8243; background_size=&#8221;initial&#8221; background_position=&#8221;top_left&#8221; background_repeat=&#8221;repeat&#8221; global_colors_info=&#8221;{}&#8221;][et_pb_column type=&#8221;4_4&#8243; _builder_version=&#8221;4.16&#8243; custom_padding=&#8221;|||&#8221; global_colors_info=&#8221;{}&#8221; custom_padding__hover=&#8221;|||&#8221;][et_pb_text _builder_version=&#8221;4.20.4&#8243; header_2_font=&#8221;Futura Heavy font||||||||&#8221; header_2_text_color=&#8221;#005569&#8243; header_3_font=&#8221;Futura Heavy font||||||||&#8221; header_3_text_color=&#8221;#6ba3a3&#8243; background_size=&#8221;initial&#8221; background_position=&#8221;top_left&#8221; background_repeat=&#8221;repeat&#8221; hover_enabled=&#8221;0&#8243; global_colors_info=&#8221;{}&#8221; sticky_enabled=&#8221;0&#8243;]<!-- divi:heading --><\/p>\n<h1 align=\"center\"><strong>Privacy and security<\/strong><\/h1>\n<hr \/>\n<h2 align=\"justify\">PROTECTION DES DONN\u00c9ES PERSONNELLES<\/h2>\n<h3 align=\"justify\">Respect de la r\u00e9glementation<\/h3>\n<p align=\"justify\">\u00d4 CHIROULET s\u2019engage, conform\u00e9ment \u00e0 la l\u00e9gislation en vigueur en France et en Europe, \u00e0 assurer la protection des donn\u00e9es personnelles des personnes qui visitent le site <a href=\"o-chiroulet.com\">o-chiroulet.com<\/a>. La pr\u00e9sente politique de confidentialit\u00e9 vous informe sur la fa\u00e7on dont \u00d4 CHIROULET, ainsi que ses \u00e9ventuels partenaires traitent vos donn\u00e9es personnelles.<\/p>\n<h3 align=\"justify\">Pourquoi nous collectons vos donn\u00e9es ?<\/h3>\n<p align=\"justify\">\u00d4 CHIROULET collecte vos donn\u00e9es dans le formulaire de contact afin de vous joindre pour vous apporter des informations. Les donn\u00e9es collect\u00e9es sont uniquement destin\u00e9es \u00e0 \u00d4 CHIROULET qui ne les transmet \u00e0 aucun partenaire.<\/p>\n<h3 align=\"justify\">Comment modifier ou supprimer vos donn\u00e9es personnelles<\/h3>\n<p align=\"justify\">Conform\u00e9ment \u00e0 la loi n\u00b078-17 du 6 janvier 1978 \u00ab informatique et libert\u00e9s \u00bb ainsi qu\u2019aux dispositions du R\u00e8glement G\u00e9n\u00e9ral sur la Protection des Donn\u00e9es, adopt\u00e9 le 27 avril 2016 par le Parlement Europ\u00e9en, tout utilisateur dispose d\u2019un droit d\u2019acc\u00e8s, de suppression ou de modifications de ses donn\u00e9es personnelles, cela s\u2019applique uniquement aux donn\u00e9es personnelles de l\u2019individu.<\/p>\n<p align=\"justify\">Pour des raisons de confidentialit\u00e9, vous \u00eates en droit de demander la suppression de certaines informations personnelles vous concernant. Vous pouvez demander cette suppression par demande \u00e9crite aux coordonn\u00e9es mentionn\u00e9es ci-dessous.<\/p>\n<h3 align=\"justify\">Comment vos donn\u00e9es sont-elles s\u00e9curis\u00e9es ?<\/h3>\n<p align=\"justify\">\u00d4 CHIROULET met tout en \u0153uvre pour assurer la s\u00e9curit\u00e9 des donn\u00e9es. Tous les fichiers constitu\u00e9s \u00e0 partir des donn\u00e9es personnelles sont s\u00e9curis\u00e9s. \u00c0 cet effet les mesures techniques et organisationnelles appropri\u00e9es pour \u00e9viter la perte, la mauvaise utilisation, l\u2019alt\u00e9ration et la suppression des donn\u00e9es personnelles vous concernant sont mises en place. Ces mesures sont adapt\u00e9es selon le niveau de sensibilit\u00e9 des donn\u00e9es trait\u00e9es et selon le niveau de risque que pr\u00e9sente le traitement ou sa mise en \u0153uvre.<\/p>\n<h3 align=\"justify\">Contenu embarqu\u00e9 depuis d\u2019autres sites<\/h3>\n<p align=\"justify\">Les articles de ce site peuvent inclure des contenus int\u00e9gr\u00e9s (par exemple des vid\u00e9os, images, articles). Le contenu int\u00e9gr\u00e9 depuis d\u2019autres sites se comporte de la m\u00eame mani\u00e8re que si le visiteur se rendait sur cet autre site.<\/p>\n<p align=\"justify\">Ces sites web pourraient collecter des donn\u00e9es vous concernant, utiliser des cookies, embarquer des outils de suivi tiers, suivre vos interactions avec ces contenus embarqu\u00e9s si vous disposez d\u2019un compte connect\u00e9 sur leur site web.<\/p>\n<h2 align=\"justify\">GESTION DES COOKIES<\/h2>\n<p align=\"justify\">Un cookie est un fichier texte de petite taille stock\u00e9 sur l\u2019ordinateur de l\u2019utilisateur par un site Web. Le cookie permet \u00e0 l\u2019ordinateur de stocker diff\u00e9rentes donn\u00e9es techniques permettant le contr\u00f4le g\u00e9n\u00e9ral de l\u2019acc\u00e8s du public au site (nombre de visites, fr\u00e9quence d\u2019exposition \u00e0 une banni\u00e8re publicitaire, connexion \u00e0 d\u2019autres sites\u2026) ou la personnalisation des pages affich\u00e9es en vue de prochaines interactions avec le site. Les cookies sont importants pour le bon fonctionnement du site. Les cookies sont utilis\u00e9s pour conserver les informations de connexion et fournir une connexion s\u00e9curis\u00e9e, collecter les statistiques en vue \u00e0 optimiser les fonctionnalit\u00e9s du site et adapter le contenu aux centres d\u2019int\u00e9r\u00eat du visiteur.<\/p>\n<p align=\"justify\">Le site <a href=\"o-chiroulet.com\">o-chiroulet.com <\/a>utilise des cookies. Ces cookies permettent de surveiller l\u2019activit\u00e9 g\u00e9n\u00e9rale du site, de rep\u00e9rer les erreurs et de veiller \u00e0 ce que le site b\u00e9n\u00e9ficie des ressources mat\u00e9rielles adapt\u00e9es. Les cookies permettent \u00e9galement d\u2019\u00e9tablir des statistiques et volumes de fr\u00e9quentation.<\/p>\n<p align=\"justify\">Le client est libre d\u2019accepter ou de refuser ces cookies. Il suffit de modifier certains param\u00e8tres du navigateur de l\u2019ordinateur de fa\u00e7on \u00e0 refuser les cookies ou \u00e0 \u00eatre averti en cas d\u2019enregistrement d\u2019un cookie sur l\u2019ordinateur. Il est \u00e9galement possible d\u2019effacer les cookies stock\u00e9s sur l\u2019ordinateur afin de supprimer d\u00e9finitivement les informations qu\u2019ils contiennent.<\/p>\n<h2 align=\"justify\">Contact information<\/h2>\n<p align=\"justify\"><a href=\"o-chiroulet.com\">o-chiroulet.com<\/a><\/p>\n<p align=\"justify\">\u00d4 CHIROULET<\/p>\n<p align=\"justify\">Email : contact@ochiroulet.com<\/p>\n<p align=\"justify\">Adress : <span class=\"s1\">N127 rd29 \u2013 Le chiroulet \u2013 65200 Bagneres de Bigorre<\/span><\/p>\n<p><!-- \/divi:heading -->[\/et_pb_text][\/et_pb_column][\/et_pb_row][\/et_pb_section]<\/p>\n","protected":false},"excerpt":{"rendered":"<p>Privacy and security PROTECTION DES DONN\u00c9ES PERSONNELLES Respect de la r\u00e9glementation \u00d4 CHIROULET s\u2019engage, conform\u00e9ment \u00e0 la l\u00e9gislation en vigueur en France et en Europe, \u00e0 assurer la protection des donn\u00e9es personnelles des personnes qui visitent le site o-chiroulet.com. La pr\u00e9sente politique de confidentialit\u00e9 vous informe sur la fa\u00e7on dont \u00d4 CHIROULET, ainsi que ses [&hellip;]<\/p>\n","protected":false},"author":1,"featured_media":0,"parent":0,"menu_order":0,"comment_status":"closed","ping_status":"open","template":"","meta":{"_et_pb_use_builder":"on","_et_pb_old_content":"<!-- wp:heading -->\n<h2>Qui sommes-nous\u00a0?<\/h2>\n<!-- \/wp:heading -->\n\n<!-- wp:heading {\"level\":1} -->\n<h1>POLITIQUE DE CONFIDENTIALIT\u00c9<\/h1>\n<!-- \/wp:heading -->\n\n<!-- wp:separator -->\n<hr class=\"wp-block-separator\"\/>\n<!-- \/wp:separator -->\n\n<!-- wp:heading -->\n<h2>PROTECTION DES DONN\u00c9ES PERSONNELLES<\/h2>\n<!-- \/wp:heading -->\n\n<!-- wp:heading {\"level\":3} -->\n<h3>Respect de la r\u00e9glementation<\/h3>\n<!-- \/wp:heading -->\n\n<!-- wp:paragraph -->\n<p>A New Story \u2013 SAS s\u2019engage, conform\u00e9ment \u00e0 la l\u00e9gislation en vigueur en France et en Europe, \u00e0 assurer la protection des donn\u00e9es personnelles des personnes qui visitent le site&nbsp;<a href=\"https:\/\/anewstory.fr\/\">anewstory.fr<\/a>. La pr\u00e9sente politique de confidentialit\u00e9 vous informe sur la fa\u00e7on dont A New Story \u2013 SAS, ainsi que ses \u00e9ventuels partenaires traitent vos donn\u00e9es personnelles.<\/p>\n<!-- \/wp:paragraph -->\n\n<!-- wp:heading {\"level\":3} -->\n<h3>Pourquoi nous collectons vos donn\u00e9es ?<\/h3>\n<!-- \/wp:heading -->\n\n<!-- wp:paragraph -->\n<p>A New Story \u2013 SAS&nbsp;collecte vos donn\u00e9es dans le formulaire de contact afin de vous joindre pour vous apporter des informations. Les donn\u00e9es collect\u00e9es sont uniquement destin\u00e9es \u00e0A New Story \u2013 SAS qui ne les transmet \u00e0 aucun partenaire.<\/p>\n<!-- \/wp:paragraph -->\n\n<!-- wp:heading {\"level\":3} -->\n<h3>Comment modifier ou supprimer vos donn\u00e9es personnelles<\/h3>\n<!-- \/wp:heading -->\n\n<!-- wp:paragraph -->\n<p>Conform\u00e9ment \u00e0 la loi n\u00b078-17 du 6 janvier 1978 \u00ab informatique et libert\u00e9s \u00bb ainsi qu\u2019aux dispositions du R\u00e8glement G\u00e9n\u00e9ral sur la Protection des Donn\u00e9es, adopt\u00e9 le 27 avril 2016 par le Parlement Europ\u00e9en, tout utilisateur dispose d\u2019un droit d\u2019acc\u00e8s, de suppression ou de modifications de ses donn\u00e9es personnelles, cela s\u2019applique uniquement aux donn\u00e9es personnelles de l\u2019individu.<\/p>\n<!-- \/wp:paragraph -->\n\n<!-- wp:paragraph -->\n<p>Pour des raisons de confidentialit\u00e9, vous \u00eates en droit de demander la suppression de certaines informations personnelles vous concernant. Vous pouvez demander cette suppression par demande \u00e9crite aux coordonn\u00e9es mentionn\u00e9es ci-dessous.<\/p>\n<!-- \/wp:paragraph -->\n\n<!-- wp:heading {\"level\":3} -->\n<h3>Comment vos donn\u00e9es sont-elles s\u00e9curis\u00e9es&nbsp;?<\/h3>\n<!-- \/wp:heading -->\n\n<!-- wp:paragraph -->\n<p>A New Story \u2013 SAS met tout en \u0153uvre pour assurer la s\u00e9curit\u00e9 des donn\u00e9es. Tous les fichiers constitu\u00e9s \u00e0 partir des donn\u00e9es personnelles sont s\u00e9curis\u00e9s. \u00c0 cet effet les mesures techniques et organisationnelles appropri\u00e9es pour \u00e9viter la perte, la mauvaise utilisation, l\u2019alt\u00e9ration et la suppression des donn\u00e9es personnelles vous concernant sont mises en place. Ces mesures sont adapt\u00e9es selon le niveau de sensibilit\u00e9 des donn\u00e9es trait\u00e9es et selon le niveau de risque que pr\u00e9sente le traitement ou sa mise en \u0153uvre.<\/p>\n<!-- \/wp:paragraph -->\n\n<!-- wp:heading {\"level\":3} -->\n<h3>Contenu embarqu\u00e9 depuis d\u2019autres sites<\/h3>\n<!-- \/wp:heading -->\n\n<!-- wp:paragraph -->\n<p>Les articles de ce site peuvent inclure des contenus int\u00e9gr\u00e9s (par exemple des vid\u00e9os, images, articles). Le contenu int\u00e9gr\u00e9 depuis d\u2019autres sites se comporte de la m\u00eame mani\u00e8re que si le visiteur se rendait sur cet autre site.<\/p>\n<!-- \/wp:paragraph -->\n\n<!-- wp:paragraph -->\n<p>Ces sites web pourraient collecter des donn\u00e9es vous concernant, utiliser des cookies, embarquer des outils de suivi tiers, suivre vos interactions avec ces contenus embarqu\u00e9s si vous disposez d\u2019un compte connect\u00e9 sur leur site web.<\/p>\n<!-- \/wp:paragraph -->\n\n<!-- wp:heading -->\n<h2>GESTION DES COOKIES<\/h2>\n<!-- \/wp:heading -->\n\n<!-- wp:paragraph -->\n<p>Un cookie est un fichier texte de petite taille stock\u00e9 sur l\u2019ordinateur de l\u2019utilisateur par un site Web. Le cookie permet \u00e0 l\u2019ordinateur de stocker diff\u00e9rentes donn\u00e9es techniques permettant le contr\u00f4le g\u00e9n\u00e9ral de l\u2019acc\u00e8s du public au site (nombre de visites, fr\u00e9quence d\u2019exposition \u00e0 une banni\u00e8re publicitaire, connexion \u00e0 d\u2019autres sites\u2026) ou la personnalisation des pages affich\u00e9es en vue de prochaines interactions avec le site. Les cookies sont importants pour le bon fonctionnement du site. Les cookies sont utilis\u00e9s pour conserver les informations de connexion et fournir une connexion s\u00e9curis\u00e9e, collecter les statistiques en vue \u00e0 optimiser les fonctionnalit\u00e9s du site et adapter le contenu aux centres d\u2019int\u00e9r\u00eat du visiteur.<\/p>\n<!-- \/wp:paragraph -->\n\n<!-- wp:paragraph -->\n<p>Le site&nbsp;<a href=\"https:\/\/anewstory.fr\/\">anewstory.fr<\/a>&nbsp;utilise des cookies. Ces cookies permettent de surveiller l\u2019activit\u00e9 g\u00e9n\u00e9rale du site, de rep\u00e9rer les erreurs et de veiller \u00e0 ce que le site b\u00e9n\u00e9ficie des ressources mat\u00e9rielles adapt\u00e9es. Les cookies permettent \u00e9galement d\u2019\u00e9tablir des statistiques et volumes de fr\u00e9quentation.<\/p>\n<!-- \/wp:paragraph -->\n\n<!-- wp:paragraph -->\n<p>Le client est libre d\u2019accepter ou de refuser ces cookies. Il suffit de modifier certains param\u00e8tres du navigateur de l\u2019ordinateur de fa\u00e7on \u00e0 refuser les cookies ou \u00e0 \u00eatre averti en cas d\u2019enregistrement d\u2019un cookie sur l\u2019ordinateur. Il est \u00e9galement possible d\u2019effacer les cookies stock\u00e9s sur l\u2019ordinateur afin de supprimer d\u00e9finitivement les informations qu\u2019ils contiennent.<\/p>\n<!-- \/wp:paragraph -->\n\n<!-- wp:heading -->\n<h2>COORDONN\u00c9ES<\/h2>\n<!-- \/wp:heading -->\n\n<!-- wp:paragraph -->\n<p><a href=\"https:\/\/anewstory.fr\/\">anewstory.fr<\/a><\/p>\n<!-- \/wp:paragraph -->\n\n<!-- wp:paragraph -->\n<p>A New Story \u2013 SAS<\/p>\n<!-- \/wp:paragraph -->\n\n<!-- wp:paragraph -->\n<p>Email : contact@anewstory.fr<\/p>\n<!-- \/wp:paragraph -->\n\n<!-- wp:paragraph -->\n<p>Adresse : 7, rue docteur Fleming \u2013 81000 ALBI<\/p>\n<!-- \/wp:paragraph -->\n\n<!-- wp:paragraph -->\n<p><\/p>\n<!-- \/wp:paragraph -->\n\n<!-- wp:paragraph -->\n<p>L\u2019adresse de notre site Web est&nbsp;: http:\/\/o-chiroulet.com.<\/p>\n<!-- \/wp:paragraph -->\n\n<!-- wp:heading -->\n<h2>Utilisation des donn\u00e9es personnelles collect\u00e9es<\/h2>\n<!-- \/wp:heading -->\n\n<!-- wp:heading {\"level\":3} -->\n<h3>Commentaires<\/h3>\n<!-- \/wp:heading -->\n\n<!-- wp:paragraph -->\n<p>Quand vous laissez un commentaire sur notre site web, les donn\u00e9es inscrites dans le formulaire de commentaire, mais aussi votre adresse IP et l\u2019agent utilisateur de votre navigateur sont collect\u00e9s pour nous aider \u00e0 la d\u00e9tection des commentaires ind\u00e9sirables.<\/p>\n<!-- \/wp:paragraph -->\n\n<!-- wp:paragraph -->\n<p>Une cha\u00eene anonymis\u00e9e cr\u00e9\u00e9e \u00e0 partir de votre adresse de messagerie (\u00e9galement appel\u00e9e hash) peut \u00eatre envoy\u00e9e au service Gravatar pour v\u00e9rifier si vous utilisez ce dernier. Les clauses de confidentialit\u00e9 du service Gravatar sont disponibles ici&nbsp;: https:\/\/automattic.com\/privacy\/. Apr\u00e8s validation de votre commentaire, votre photo de profil sera visible publiquement \u00e0 cot\u00e9 de votre commentaire.<\/p>\n<!-- \/wp:paragraph -->\n\n<!-- wp:heading {\"level\":3} -->\n<h3>M\u00e9dias<\/h3>\n<!-- \/wp:heading -->\n\n<!-- wp:paragraph -->\n<p>Si vous \u00eates un utilisateur ou une utilisatrice enregistr\u00e9\u00b7e et que vous t\u00e9l\u00e9versez des images sur le site web, nous vous conseillons d\u2019\u00e9viter de t\u00e9l\u00e9verser des images contenant des donn\u00e9es EXIF de coordonn\u00e9es GPS. Les visiteurs de votre site web peuvent t\u00e9l\u00e9charger et extraire des donn\u00e9es de localisation depuis ces images.<\/p>\n<!-- \/wp:paragraph -->\n\n<!-- wp:heading {\"level\":3} -->\n<h3>Formulaires de contact<\/h3>\n<!-- \/wp:heading -->\n\n<!-- wp:heading {\"level\":3} -->\n<h3>Cookies<\/h3>\n<!-- \/wp:heading -->\n\n<!-- wp:paragraph -->\n<p>Si vous d\u00e9posez un commentaire sur notre site, il vous sera propos\u00e9 d\u2019enregistrer votre nom, adresse de messagerie et site web dans des cookies. C\u2019est uniquement pour votre confort afin de ne pas avoir \u00e0 saisir ces informations si vous d\u00e9posez un autre commentaire plus tard. Ces cookies expirent au bout d\u2019un an.<\/p>\n<!-- \/wp:paragraph -->\n\n<!-- wp:paragraph -->\n<p>Si vous vous rendez sur la page de connexion, un cookie temporaire sera cr\u00e9\u00e9 afin de d\u00e9terminer si votre navigateur accepte les cookies. Il ne contient pas de donn\u00e9es personnelles et sera supprim\u00e9 automatiquement \u00e0 la fermeture de votre navigateur.<\/p>\n<!-- \/wp:paragraph -->\n\n<!-- wp:paragraph -->\n<p>Lorsque vous vous connecterez, nous mettrons en place un certain nombre de cookies pour enregistrer vos informations de connexion et vos pr\u00e9f\u00e9rences d\u2019\u00e9cran. La dur\u00e9e de vie d\u2019un cookie de connexion est de deux jours, celle d\u2019un cookie d\u2019option d\u2019\u00e9cran est d\u2019un an. Si vous cochez \u00ab&nbsp;Se souvenir de moi&nbsp;\u00bb, votre cookie de connexion sera conserv\u00e9 pendant deux semaines. Si vous vous d\u00e9connectez de votre compte, le cookie de connexion sera effac\u00e9.<\/p>\n<!-- \/wp:paragraph -->\n\n<!-- wp:paragraph -->\n<p>En modifiant ou en publiant une publication, un cookie suppl\u00e9mentaire sera enregistr\u00e9 dans votre navigateur. Ce cookie ne comprend aucune donn\u00e9e personnelle. Il indique simplement l\u2019ID de la publication que vous venez de modifier. Il expire au bout d\u2019un jour.<\/p>\n<!-- \/wp:paragraph -->\n\n<!-- wp:heading {\"level\":3} -->\n<h3>Contenu embarqu\u00e9 depuis d\u2019autres sites<\/h3>\n<!-- \/wp:heading -->\n\n<!-- wp:paragraph -->\n<p>Les articles de ce site peuvent inclure des contenus int\u00e9gr\u00e9s (par exemple des vid\u00e9os, images, articles\u2026). Le contenu int\u00e9gr\u00e9 depuis d\u2019autres sites se comporte de la m\u00eame mani\u00e8re que si le visiteur se rendait sur cet autre site.<\/p>\n<!-- \/wp:paragraph -->\n\n<!-- wp:paragraph -->\n<p>Ces sites web pourraient collecter des donn\u00e9es sur vous, utiliser des cookies, embarquer des outils de suivis tiers, suivre vos interactions avec ces contenus embarqu\u00e9s si vous disposez d\u2019un compte connect\u00e9 sur leur site web.<\/p>\n<!-- \/wp:paragraph -->\n\n<!-- wp:heading {\"level\":3} -->\n<h3>Statistiques et mesures d\u2019audience<\/h3>\n<!-- \/wp:heading -->\n\n<!-- wp:heading -->\n<h2>Utilisation et transmission de vos donn\u00e9es personnelles<\/h2>\n<!-- \/wp:heading -->\n\n<!-- wp:heading -->\n<h2>Dur\u00e9es de stockage de vos donn\u00e9es<\/h2>\n<!-- \/wp:heading -->\n\n<!-- wp:paragraph -->\n<p>Si vous laissez un commentaire, le commentaire et ses m\u00e9tadonn\u00e9es sont conserv\u00e9s ind\u00e9finiment. Cela permet de reconna\u00eetre et approuver automatiquement les commentaires suivants au lieu de les laisser dans la file de mod\u00e9ration.<\/p>\n<!-- \/wp:paragraph -->\n\n<!-- wp:paragraph -->\n<p>Pour les utilisateurs et utilisatrices qui s\u2019enregistrent sur notre site (si cela est possible), nous stockons \u00e9galement les donn\u00e9es personnelles indiqu\u00e9es dans leur profil. Tous les utilisateurs et utilisatrices peuvent voir, modifier ou supprimer leurs informations personnelles \u00e0 tout moment (\u00e0 l\u2019exception de leur nom d\u2019utilisateur\u00b7ice). Les gestionnaires du site peuvent aussi voir et modifier ces informations.<\/p>\n<!-- \/wp:paragraph -->\n\n<!-- wp:heading -->\n<h2>Les droits que vous avez sur vos donn\u00e9es<\/h2>\n<!-- \/wp:heading -->\n\n<!-- wp:paragraph -->\n<p>Si vous avez un compte ou si vous avez laiss\u00e9 des commentaires sur le site, vous pouvez demander \u00e0 recevoir un fichier contenant toutes les donn\u00e9es personnelles que nous poss\u00e9dons \u00e0 votre sujet, incluant celles que vous nous avez fournies. Vous pouvez \u00e9galement demander la suppression des donn\u00e9es personnelles vous concernant. Cela ne prend pas en compte les donn\u00e9es stock\u00e9es \u00e0 des fins administratives, l\u00e9gales ou pour des raisons de s\u00e9curit\u00e9.<\/p>\n<!-- \/wp:paragraph -->\n\n<!-- wp:heading -->\n<h2>Transmission de vos donn\u00e9es personnelles<\/h2>\n<!-- \/wp:heading -->\n\n<!-- wp:paragraph -->\n<p>Les commentaires des visiteurs peuvent \u00eatre v\u00e9rifi\u00e9s \u00e0 l\u2019aide d\u2019un service automatis\u00e9 de d\u00e9tection des commentaires ind\u00e9sirables.<\/p>\n<!-- \/wp:paragraph -->\n\n<!-- wp:heading -->\n<h2>Informations de contact<\/h2>\n<!-- \/wp:heading -->\n\n<!-- wp:heading -->\n<h2>Informations suppl\u00e9mentaires<\/h2>\n<!-- \/wp:heading -->\n\n<!-- wp:heading {\"level\":3} -->\n<h3>Comment nous prot\u00e9geons vos donn\u00e9es<\/h3>\n<!-- \/wp:heading -->\n\n<!-- wp:heading {\"level\":3} -->\n<h3>Proc\u00e9dures mises en \u0153uvre en cas de fuite de donn\u00e9es<\/h3>\n<!-- \/wp:heading -->\n\n<!-- wp:heading {\"level\":3} -->\n<h3>Les services tiers qui nous transmettent des donn\u00e9es<\/h3>\n<!-- \/wp:heading -->\n\n<!-- wp:heading {\"level\":3} -->\n<h3>Op\u00e9rations de marketing automatis\u00e9 et\/ou de profilage r\u00e9alis\u00e9es \u00e0 l\u2019aide des donn\u00e9es personnelles<\/h3>\n<!-- \/wp:heading -->\n\n<!-- wp:heading {\"level\":3} -->\n<h3>Affichage des informations li\u00e9es aux secteurs soumis \u00e0 des r\u00e9gulations sp\u00e9cifiques<\/h3>\n<!-- \/wp:heading -->","_et_gb_content_width":"","footnotes":""},"class_list":["post-829","page","type-page","status-publish","hentry"],"_links":{"self":[{"href":"https:\/\/o-chiroulet.com\/en\/wp-json\/wp\/v2\/pages\/829","targetHints":{"allow":["GET"]}}],"collection":[{"href":"https:\/\/o-chiroulet.com\/en\/wp-json\/wp\/v2\/pages"}],"about":[{"href":"https:\/\/o-chiroulet.com\/en\/wp-json\/wp\/v2\/types\/page"}],"author":[{"embeddable":true,"href":"https:\/\/o-chiroulet.com\/en\/wp-json\/wp\/v2\/users\/1"}],"replies":[{"embeddable":true,"href":"https:\/\/o-chiroulet.com\/en\/wp-json\/wp\/v2\/comments?post=829"}],"version-history":[{"count":0,"href":"https:\/\/o-chiroulet.com\/en\/wp-json\/wp\/v2\/pages\/829\/revisions"}],"wp:attachment":[{"href":"https:\/\/o-chiroulet.com\/en\/wp-json\/wp\/v2\/media?parent=829"}],"curies":[{"name":"wp","href":"https:\/\/api.w.org\/{rel}","templated":true}]}}